{"id":8960,"date":"2021-09-08T17:55:45","date_gmt":"2021-09-08T17:55:45","guid":{"rendered":"https:\/\/alpro.com.mx\/in\/?post_type=product&#038;p=8960"},"modified":"2023-03-04T02:58:53","modified_gmt":"2023-03-04T02:58:53","slug":"tetera-apple","status":"publish","type":"product","link":"https:\/\/alpro.com.mx\/in\/product\/sample-product\/tetera-apple\/","title":{"rendered":"APPLE KETTLE"},"content":{"rendered":"","protected":false},"excerpt":{"rendered":"<p>&nbsp;<\/p>\n<table style=\"height: 365px;\" width=\"786\" cellspacing=\"0\" cellpadding=\"0\">\n<tbody>\n<tr>\n<td valign=\"middle\">\n<p align=\"center\"><span style=\"color: #000000;\"><strong><span style=\"font-size: 100%;\">CODE<\/span><\/strong><\/span><\/p>\n<\/td>\n<td valign=\"middle\">\n<p align=\"center\"><span style=\"color: #000000;\"><strong><span style=\"font-size: 100%;\">DESCRIPTION<\/span><\/strong><\/span><\/p>\n<\/td>\n<td valign=\"middle\">\n<p align=\"center\"><span style=\"color: #000000;\"><strong><span style=\"font-size: 100%;\">LITERS<\/span><\/strong><\/span><\/p>\n<\/td>\n<td valign=\"middle\">\n<p align=\"center\"><span style=\"color: #000000;\"><strong><span style=\"font-size: 100%;\">MEASURES<\/span><\/strong><\/span><\/p>\n<\/td>\n<td valign=\"middle\">\n<p align=\"center\"><span style=\"color: #000000;\"><strong><span style=\"font-size: 100%;\">THICKNESS<\/span><\/strong><\/span><\/p>\n<\/td>\n<\/tr>\n<tr>\n<td valign=\"middle\">\n<p align=\"center\"><span style=\"font-size: 100%; color: #000000;\">2457<\/span><\/p>\n<\/td>\n<td valign=\"middle\">Black Nylon handle and button to prevent burns.<\/p>\n<p>Stainless Steel Lid.<\/p>\n<p>Red exterior color with mirror finish and polished interior.<\/td>\n<td valign=\"middle\">\n<p align=\"center\"><span style=\"font-size: 100%; color: #000000;\">3 l<\/span><\/p>\n<\/td>\n<td valign=\"middle\">\n<p align=\"center\"><span style=\"font-size: 100%; color: #000000;\">20 x 23cm<\/span><\/p>\n<\/td>\n<td valign=\"middle\">\n<p align=\"center\"><span style=\"font-size: 100%; color: #000000;\">3.4 mm<\/span><\/p>\n<\/td>\n<\/tr>\n<\/tbody>\n<\/table>\n<p>&nbsp;<\/p>\n<p>NSF es una organizaci\u00f3n de prueba, inspecci\u00f3n y certificaci\u00f3n de productos.<\/p>\n<p>La certificaci\u00f3n NSF establece est\u00e1ndares de sal\u00fad p\u00fablica y seguridad ambiental para garantizar que un producto cumpla con est\u00e1ndares espec\u00edficos de seguridad, calidad, sustentabilidad o rendimiento.<\/p>\n","protected":false},"featured_media":9045,"comment_status":"closed","ping_status":"closed","template":"","meta":[],"product_cat":[93,121],"product_tag":[105,95],"_links":{"self":[{"href":"https:\/\/alpro.com.mx\/in\/wp-json\/wp\/v3\/product\/8960"}],"collection":[{"href":"https:\/\/alpro.com.mx\/in\/wp-json\/wp\/v3\/product"}],"about":[{"href":"https:\/\/alpro.com.mx\/in\/wp-json\/wp\/v2\/types\/product"}],"replies":[{"embeddable":true,"href":"https:\/\/alpro.com.mx\/in\/wp-json\/wp\/v2\/comments?post=8960"}],"version-history":[{"count":0,"href":"https:\/\/alpro.com.mx\/in\/wp-json\/wp\/v3\/product\/8960\/revisions"}],"wp:featuredmedia":[{"embeddable":true,"href":"https:\/\/alpro.com.mx\/in\/wp-json\/wp\/v2\/media\/9045"}],"wp:attachment":[{"href":"https:\/\/alpro.com.mx\/in\/wp-json\/wp\/v2\/media?parent=8960"}],"wp:term":[{"taxonomy":"product_cat","embeddable":true,"href":"https:\/\/alpro.com.mx\/in\/wp-json\/wp\/v2\/product_cat?post=8960"},{"taxonomy":"product_tag","embeddable":true,"href":"https:\/\/alpro.com.mx\/in\/wp-json\/wp\/v2\/product_tag?post=8960"}],"curies":[{"name":"wp","href":"https:\/\/api.w.org\/{rel}","templated":true}]}}