{"id":10030,"date":"2022-10-15T00:24:18","date_gmt":"2022-10-15T00:24:18","guid":{"rendered":"https:\/\/alpro.com.mx\/in\/?post_type=product&#038;p=10030"},"modified":"2023-03-04T01:29:13","modified_gmt":"2023-03-04T01:29:13","slug":"bateria-8-pzs-2-2","status":"publish","type":"product","link":"https:\/\/alpro.com.mx\/in\/product\/sample-product\/bateria-8-pzs-2-2\/","title":{"rendered":"AMBAR&#8217;S COOKWARE"},"content":{"rendered":"","protected":false},"excerpt":{"rendered":"<div class=\"layoutArea\">\n<div class=\"column\">\n<p><span style=\"color: #000000;\"><strong>CODE <span class=\"fontstyle0\">9844<\/span><br \/>\n<\/strong><\/span><\/p>\n<table style=\"font-size: 14.4px; height: 370px;\" width=\"758\" cellspacing=\"0\" cellpadding=\"0\">\n<tbody>\n<tr>\n<td valign=\"middle\">\n<p align=\"center\"><span style=\"color: #000000;\"><strong><span style=\"font-size: 100%;\">DESCRIPTION<\/span><\/strong><\/span><\/p>\n<\/td>\n<td valign=\"middle\">\n<p align=\"center\"><span style=\"color: #000000;\"><strong><span style=\"font-size: 100%;\">DIAMETER<\/span><\/strong><\/span><\/p>\n<\/td>\n<td valign=\"middle\">\n<p align=\"center\"><span style=\"color: #000000;\"><strong><span style=\"font-size: 100%;\">HEIGHT<\/span><\/strong><\/span><\/p>\n<\/td>\n<td valign=\"middle\">\n<p align=\"center\"><span style=\"color: #000000;\"><strong><span style=\"font-size: 100%;\">LITERS<\/span><\/strong><\/span><\/p>\n<\/td>\n<td valign=\"middle\">\n<p align=\"center\"><span style=\"color: #000000;\"><strong><span style=\"font-size: 100%;\">THICKNESS<\/span><\/strong><\/span><\/p>\n<\/td>\n<\/tr>\n<tr>\n<td valign=\"middle\">Pot 18 cm with glass lid<\/td>\n<td valign=\"middle\">\n<p align=\"center\"><span style=\"font-size: 100%; color: #000000;\">18 cm<\/span><\/p>\n<\/td>\n<td valign=\"middle\">\n<p align=\"center\"><span style=\"font-size: 100%; color: #000000;\">12.5 cm<\/span><\/p>\n<\/td>\n<td valign=\"middle\">\n<p align=\"center\"><span style=\"font-size: 100%; color: #000000;\">&#8211;<\/span><\/p>\n<\/td>\n<td valign=\"middle\">\n<p align=\"center\"><span style=\"font-size: 100%; color: #000000;\">&#8211;<\/span><\/p>\n<\/td>\n<\/tr>\n<tr>\n<td valign=\"middle\">Pot 24 cm with glass lid<\/td>\n<td valign=\"middle\">\n<p align=\"center\"><span style=\"font-size: 100%; color: #000000;\">24 cm<\/span><\/p>\n<\/td>\n<td valign=\"middle\">\n<p align=\"center\"><span style=\"font-size: 100%; color: #000000;\">15.5 cm<\/span><\/p>\n<\/td>\n<td valign=\"middle\">\n<p align=\"center\"><span style=\"font-size: 100%; color: #000000;\">&#8211;<\/span><\/p>\n<\/td>\n<td valign=\"middle\">\n<p align=\"center\"><span style=\"font-size: 100%; color: #000000;\">&#8211;<\/span><\/p>\n<\/td>\n<\/tr>\n<tr>\n<td valign=\"middle\">Saucepan 16 cm with glass lid<\/td>\n<td valign=\"middle\">\n<p align=\"center\"><span style=\"font-size: 100%; color: #000000;\">16 cm<\/span><\/p>\n<\/td>\n<td valign=\"middle\">\n<p align=\"center\"><span style=\"font-size: 100%; color: #000000;\">11 cm<\/span><\/p>\n<\/td>\n<td valign=\"middle\">\n<p align=\"center\"><span style=\"font-size: 100%; color: #000000;\">&#8211;<\/span><\/p>\n<\/td>\n<td valign=\"middle\">\n<p align=\"center\"><span style=\"font-size: 100%; color: #000000;\">&#8211;<\/span><\/p>\n<\/td>\n<\/tr>\n<tr>\n<td valign=\"middle\">24 cm frying pan with glass lid<\/td>\n<td valign=\"middle\">\n<p align=\"center\"><span style=\"font-size: 100%; color: #000000;\">24 cm<\/span><\/p>\n<\/td>\n<td valign=\"middle\">\n<p align=\"center\"><span style=\"font-size: 100%; color: #000000;\">5 cm<\/span><\/p>\n<\/td>\n<td valign=\"middle\">\n<p align=\"center\"><span style=\"font-size: 100%; color: #000000;\">&#8211;<\/span><\/p>\n<\/td>\n<td valign=\"middle\">\n<p align=\"center\"><span style=\"font-size: 100%; color: #000000;\">&#8211;<\/span><\/p>\n<\/td>\n<\/tr>\n<\/tbody>\n<\/table>\n<p>&nbsp;<\/p>\n<p>NSF es una organizaci\u00f3n de prueba, inspecci\u00f3n y certificaci\u00f3n de productos.<\/p>\n<p>La certificaci\u00f3n NSF establece est\u00e1ndares de sal\u00fad p\u00fablica y seguridad ambiental para garantizar que un producto cumpla con est\u00e1ndares espec\u00edficos de seguridad, calidad, sustentabilidad o rendimiento.<\/p>\n<\/div>\n<\/div>\n","protected":false},"featured_media":10031,"comment_status":"closed","ping_status":"closed","template":"","meta":[],"product_cat":[93,121],"product_tag":[94,106,119,110],"_links":{"self":[{"href":"https:\/\/alpro.com.mx\/in\/wp-json\/wp\/v3\/product\/10030"}],"collection":[{"href":"https:\/\/alpro.com.mx\/in\/wp-json\/wp\/v3\/product"}],"about":[{"href":"https:\/\/alpro.com.mx\/in\/wp-json\/wp\/v2\/types\/product"}],"replies":[{"embeddable":true,"href":"https:\/\/alpro.com.mx\/in\/wp-json\/wp\/v2\/comments?post=10030"}],"version-history":[{"count":0,"href":"https:\/\/alpro.com.mx\/in\/wp-json\/wp\/v3\/product\/10030\/revisions"}],"wp:featuredmedia":[{"embeddable":true,"href":"https:\/\/alpro.com.mx\/in\/wp-json\/wp\/v2\/media\/10031"}],"wp:attachment":[{"href":"https:\/\/alpro.com.mx\/in\/wp-json\/wp\/v2\/media?parent=10030"}],"wp:term":[{"taxonomy":"product_cat","embeddable":true,"href":"https:\/\/alpro.com.mx\/in\/wp-json\/wp\/v2\/product_cat?post=10030"},{"taxonomy":"product_tag","embeddable":true,"href":"https:\/\/alpro.com.mx\/in\/wp-json\/wp\/v2\/product_tag?post=10030"}],"curies":[{"name":"wp","href":"https:\/\/api.w.org\/{rel}","templated":true}]}}